{"id":990,"date":"2024-12-14T20:41:43","date_gmt":"2024-12-14T17:41:43","guid":{"rendered":"https:\/\/enbadesign.com\/about-us\/"},"modified":"2024-12-19T02:58:50","modified_gmt":"2024-12-18T23:58:50","slug":"hakkimizda","status":"publish","type":"page","link":"https:\/\/enbadesign.com\/?page_id=990","title":{"rendered":"Hakk\u0131m\u0131zda"},"content":{"rendered":"\t\t<div data-elementor-type=\"wp-page\" data-elementor-id=\"990\" class=\"elementor elementor-990\">\n\t\t\t\t<div class=\"elementor-element elementor-element-57fe2ac e-flex e-con-boxed e-con e-parent\" data-id=\"57fe2ac\" data-element_type=\"container\" data-settings=\"{&quot;background_background&quot;:&quot;classic&quot;}\">\n\t\t\t\t\t<div class=\"e-con-inner\">\n\t\t\t\t<div class=\"elementor-element elementor-element-e8b5bba elementor-widget elementor-widget-heading\" data-id=\"e8b5bba\" data-element_type=\"widget\" data-widget_type=\"heading.default\">\n\t\t\t\t<div class=\"elementor-widget-container\">\n\t\t\t\t\t<h1 class=\"elementor-heading-title elementor-size-default\">Hakk\u0131m\u0131zda<\/h1>\t\t\t\t<\/div>\n\t\t\t\t<\/div>\n\t\t\t\t\t<\/div>\n\t\t\t\t<\/div>\n\t\t<div class=\"elementor-element elementor-element-19d338a e-flex e-con-boxed e-con e-parent\" data-id=\"19d338a\" data-element_type=\"container\" data-settings=\"{&quot;background_background&quot;:&quot;classic&quot;}\">\n\t\t\t\t\t<div class=\"e-con-inner\">\n\t\t\t\t<div class=\"elementor-element elementor-element-4deadad elementor-widget elementor-widget-heading\" data-id=\"4deadad\" data-element_type=\"widget\" data-widget_type=\"heading.default\">\n\t\t\t\t<div class=\"elementor-widget-container\">\n\t\t\t\t\t<h6 class=\"elementor-heading-title elementor-size-default\">ENBA; metal kap\u0131 ve ah\u015fap kap\u0131da de\u011fi\u015fen \u00e7a\u011fda t\u00fcketici ihtiya\u00e7lar\u0131na \nhitap eden tasar\u0131mlar\u0131 ile kaliteli kap\u0131 sistemlerini hayata ge\u00e7irerek\nM\u00fc\u015fteri memnuniyetini ilk s\u0131raya yerle\u015ftirmektedir.\n\u00c7evreye ve do\u011faya sayg\u0131l\u0131 \u00fcretim bilincini \u00f6n planda tutarak gelecek\nku\u015faklara daha temiz ve daha ya\u015fan\u0131labilir bir d\u00fcnya b\u0131rakmay\u0131 ama\u00e7\nedinen \u00fcretim mant\u0131\u011f\u0131yla; kullanm\u0131\u015f oldu\u011fu ham maddelerde insana ve \ndo\u011faya zarar vermeyen \u00fcr\u00fcnleri tercih ederek ekolojik dengeyi\nkorumaya \u00f6zen g\u00f6stermektedir.\nBina ve villa giri\u015f kap\u0131lar\u0131, daire d\u0131\u015f kap\u0131lar\u0131, i\u00e7 oda kap\u0131lar\u0131, yang\u0131n, acil ve \ntoplu \u00e7\u0131k\u0131\u015f kap\u0131lar\u0131 gibi alanlarda \u00e7\u00f6z\u00fcm \u00fcreten Enba; sa\u011flaml\u0131k,\nestetik, g\u00f6rsellik ve kullan\u0131\u015fl\u0131l\u0131k kavramlar\u0131n\u0131 \u00f6ne \u00e7\u0131kararak sizlere hizmet \nvermektedir.\nModern \u00fcretim tesisleri ve son teknoloji \u00fcretim imkanlar\u0131, yurt i\u00e7i ve yurt \nd\u0131\u015f\u0131ndaki sat\u0131\u015f noktalar\u0131 ile sekt\u00f6r\u00fcnde \u00f6nemli bir ba\u015far\u0131 yakalayan\nEnba \u00c7elik Kap\u0131,  Mutfak ve Otel Odas\u0131 Proje\n\u00e7al\u0131\u015fmalar\u0131n\u0131 da   Enba \u00dcretim Anlay\u0131\u015f\u0131n\u0131 bu\nalanlara da yans\u0131tarak m\u00fc\u015fterilerine hizmet vermektedir.\nEnba olarak g\u00fcvenli\u011finizi en \u00fcst noktaya ta\u015f\u0131rken, yenili\u011fi, modern ve \n\u015f\u0131k g\u00f6r\u00fcn\u00fcm\u00fcyle ya\u015fanabilir mekanlar olu\u015fturmaya katk\u0131 sa\u011fl\u0131yoruz...<\/h6>\t\t\t\t<\/div>\n\t\t\t\t<\/div>\n\t\t\t\t<div class=\"elementor-element elementor-element-2f3a379 elementor-widget elementor-widget-image\" data-id=\"2f3a379\" data-element_type=\"widget\" data-widget_type=\"image.default\">\n\t\t\t\t<div class=\"elementor-widget-container\">\n\t\t\t\t\t\t\t\t\t\t\t\t\t\t\t<img fetchpriority=\"high\" decoding=\"async\" width=\"600\" height=\"383\" src=\"https:\/\/enbadesign.com\/wp-content\/uploads\/2024\/12\/2-600x383-1.jpg\" class=\"attachment-large size-large wp-image-1684\" alt=\"\" srcset=\"https:\/\/enbadesign.com\/wp-content\/uploads\/2024\/12\/2-600x383-1.jpg 600w, https:\/\/enbadesign.com\/wp-content\/uploads\/2024\/12\/2-600x383-1-300x192.jpg 300w\" sizes=\"(max-width: 600px) 100vw, 600px\" title=\"\">\t\t\t\t\t\t\t\t\t\t\t\t\t\t\t<\/div>\n\t\t\t\t<\/div>\n\t\t\t\t<div class=\"elementor-element elementor-element-d717f6c elementor-widget elementor-widget-heading\" data-id=\"d717f6c\" data-element_type=\"widget\" data-widget_type=\"heading.default\">\n\t\t\t\t<div class=\"elementor-widget-container\">\n\t\t\t\t\t<h2 class=\"elementor-heading-title elementor-size-default\">\u00dcretim<\/h2>\t\t\t\t<\/div>\n\t\t\t\t<\/div>\n\t\t\t\t<div class=\"elementor-element elementor-element-1422261 elementor-widget elementor-widget-heading\" data-id=\"1422261\" data-element_type=\"widget\" data-widget_type=\"heading.default\">\n\t\t\t\t<div class=\"elementor-widget-container\">\n\t\t\t\t\t<h6 class=\"elementor-heading-title elementor-size-default\">S\u00fcrekli geli\u015fen ve globalle\u015fen d\u00fcnyada, kullan\u0131c\u0131lar taraf\u0131ndan kaliteli\nt\u00fcketim ihtiyac\u0131 devaml\u0131 olarak artmaktad\u0131r. \nBu noktada Enba  \u00c7elik Kap\u0131'y\u0131 olu\u015fturan temel etkenlerden biri olan \nkalite anlay\u0131\u015f\u0131, t\u00fcm \u00e7al\u0131\u015fan personel taraf\u0131ndan kabul edilip, firmam\u0131z\u0131 \nT\u00fcrkiye pazar\u0131nda \u00f6nemli bir konuma getirmi\u015ftir.<br><br>Uzun vade i\u00e7erisinde tecr\u00fcbe, h\u0131zl\u0131 zamanlama, \u00f6zg\u00fcn tasar\u0131mlar ve\nkaliteli \u00fcretim ko\u015fullar\u0131 siz de\u011ferli t\u00fcketiciler ve Enba \u00c7elik Kap\u0131\npersoneli i\u00e7in vazge\u00e7ilmez etkenler olup s\u00fcrekli artan geli\u015fmeler \ni\u00e7erisindedir.\n\u0130\u015fte de\u011ferli t\u00fcketicilerimiz ile bizleri birbirine ba\u011flayan temel\n prensiplerimiz bunlard\u0131r.<\/h6>\t\t\t\t<\/div>\n\t\t\t\t<\/div>\n\t\t\t\t\t<\/div>\n\t\t\t\t<\/div>\n\t\t<div class=\"elementor-element elementor-element-9f04b16 e-flex e-con-boxed e-con e-parent\" data-id=\"9f04b16\" data-element_type=\"container\">\n\t\t\t\t\t<div class=\"e-con-inner\">\n\t\t\t\t\t<\/div>\n\t\t\t\t<\/div>\n\t\t<div class=\"elementor-element elementor-element-295bbc9 e-flex e-con-boxed e-con e-parent\" data-id=\"295bbc9\" data-element_type=\"container\" data-settings=\"{&quot;background_background&quot;:&quot;classic&quot;}\">\n\t\t\t\t\t<div class=\"e-con-inner\">\n\t\t<div class=\"elementor-element elementor-element-a97bf17 e-con-full e-flex e-con e-child\" data-id=\"a97bf17\" data-element_type=\"container\">\n\t\t\t\t<div class=\"elementor-element elementor-element-8499920 elementor-widget elementor-widget-image-box\" data-id=\"8499920\" data-element_type=\"widget\" data-widget_type=\"image-box.default\">\n\t\t\t\t<div class=\"elementor-widget-container\">\n\t\t\t\t\t<div class=\"elementor-image-box-wrapper\"><div class=\"elementor-image-box-content\"><h2 class=\"elementor-image-box-title\">ENBA DES\u0130GN<\/h2><p class=\"elementor-image-box-description\">Eviniz, her y\u00f6n\u00fc ile benzersiz ki\u015fili\u011finizin bir yans\u0131mas\u0131d\u0131r. Kap\u0131lar ise evinizin d\u0131\u015f d\u00fcnya ile ba\u011flant\u0131s\u0131n\u0131 sa\u011flarken bak\u0131\u015f a\u00e7\u0131n\u0131z ve stilinizle evinizin ruhunu temsil eder. EnbaKap\u0131 olarak inovasyonu temel ald\u0131k ve sizler i\u00e7in y\u00fcksek g\u00fcvenlikli, modern \u00e7elik kap\u0131lar \u00fcretiyoruz.<\/p><\/div><\/div>\t\t\t\t<\/div>\n\t\t\t\t<\/div>\n\t\t\t\t<\/div>\n\t\t<div class=\"elementor-element elementor-element-818bd75 e-con-full e-flex e-con e-child\" data-id=\"818bd75\" data-element_type=\"container\">\n\t\t<div class=\"elementor-element elementor-element-0795be0 e-con-full e-flex e-con e-child\" data-id=\"0795be0\" data-element_type=\"container\">\n\t\t\t\t<div class=\"elementor-element elementor-element-ab96925 elementor-widget elementor-widget-heading\" data-id=\"ab96925\" data-element_type=\"widget\" data-widget_type=\"heading.default\">\n\t\t\t\t<div class=\"elementor-widget-container\">\n\t\t\t\t\t<p class=\"elementor-heading-title elementor-size-default\">Adres<\/p>\t\t\t\t<\/div>\n\t\t\t\t<\/div>\n\t\t\t\t<div class=\"elementor-element elementor-element-e13b749 elementor-widget elementor-widget-heading\" data-id=\"e13b749\" data-element_type=\"widget\" data-widget_type=\"heading.default\">\n\t\t\t\t<div class=\"elementor-widget-container\">\n\t\t\t\t\t<h5 class=\"elementor-heading-title elementor-size-default\">Ak\u00e7akiraz, Elaz\u0131\u011f Merkez<\/h5>\t\t\t\t<\/div>\n\t\t\t\t<\/div>\n\t\t\t\t<\/div>\n\t\t<div class=\"elementor-element elementor-element-5ea4f02 e-con-full e-flex e-con e-child\" data-id=\"5ea4f02\" data-element_type=\"container\">\n\t\t\t\t<div class=\"elementor-element elementor-element-f8a6e28 elementor-widget elementor-widget-heading\" data-id=\"f8a6e28\" data-element_type=\"widget\" data-widget_type=\"heading.default\">\n\t\t\t\t<div class=\"elementor-widget-container\">\n\t\t\t\t\t<p class=\"elementor-heading-title elementor-size-default\">Bilgi i\u00e7in;<\/p>\t\t\t\t<\/div>\n\t\t\t\t<\/div>\n\t\t\t\t<div class=\"elementor-element elementor-element-5eb9b1f elementor-widget elementor-widget-heading\" data-id=\"5eb9b1f\" data-element_type=\"widget\" data-widget_type=\"heading.default\">\n\t\t\t\t<div class=\"elementor-widget-container\">\n\t\t\t\t\t<h2 class=\"elementor-heading-title elementor-size-default\"><span style=\"font-family: Lato, sans-serif;font-size: 24px;font-weight: 400\">+90 538 786 16 78<\/span><span style=\"font-family: Lato, sans-serif;font-size: 24px;font-weight: 400\"><\/span><\/h2>\t\t\t\t<\/div>\n\t\t\t\t<\/div>\n\t\t\t\t<\/div>\n\t\t\t\t<\/div>\n\t\t\t\t\t<\/div>\n\t\t\t\t<\/div>\n\t\t\t\t<\/div>\n\t\t","protected":false},"excerpt":{"rendered":"<p>Hakk\u0131m\u0131zda ENBA; metal kap\u0131 ve ah\u015fap kap\u0131da de\u011fi\u015fen \u00e7a\u011fda t\u00fcketici ihtiya\u00e7lar\u0131na hitap eden tasar\u0131mlar\u0131 ile kaliteli kap\u0131 sistemlerini hayata ge\u00e7irerek M\u00fc\u015fteri memnuniyetini ilk s\u0131raya yerle\u015ftirmektedir. \u00c7evreye ve do\u011faya sayg\u0131l\u0131 \u00fcretim bilincini \u00f6n planda tutarak gelecek ku\u015faklara daha temiz ve daha ya\u015fan\u0131labilir bir d\u00fcnya b\u0131rakmay\u0131 ama\u00e7 edinen \u00fcretim mant\u0131\u011f\u0131yla; kullanm\u0131\u015f oldu\u011fu ham maddelerde insana ve do\u011faya [&hellip;]<\/p>\n","protected":false},"author":1,"featured_media":0,"parent":0,"menu_order":0,"comment_status":"closed","ping_status":"closed","template":"","meta":{"_uag_custom_page_level_css":"","site-sidebar-layout":"no-sidebar","site-content-layout":"page-builder","ast-site-content-layout":"full-width-container","site-content-style":"default","site-sidebar-style":"default","ast-global-header-display":"","ast-banner-title-visibility":"disabled","ast-main-header-display":"","ast-hfb-above-header-display":"","ast-hfb-below-header-display":"","ast-hfb-mobile-header-display":"","site-post-title":"disabled","ast-breadcrumbs-content":"","ast-featured-img":"disabled","footer-sml-layout":"","ast-disable-related-posts":"","theme-transparent-header-meta":"","adv-header-id-meta":"","stick-header-meta":"","header-above-stick-meta":"","header-main-stick-meta":"","header-below-stick-meta":"","astra-migrate-meta-layouts":"set","ast-page-background-enabled":"default","ast-page-background-meta":{"desktop":{"background-color":"var(--ast-global-color-4)","background-image":"","background-repeat":"repeat","background-position":"center center","background-size":"auto","background-attachment":"scroll","background-type":"","background-media":"","overlay-type":"","overlay-color":"","overlay-opacity":"","overlay-gradient":""},"tablet":{"background-color":"","background-image":"","background-repeat":"repeat","background-position":"center center","background-size":"auto","background-attachment":"scroll","background-type":"","background-media":"","overlay-type":"","overlay-color":"","overlay-opacity":"","overlay-gradient":""},"mobile":{"background-color":"","background-image":"","background-repeat":"repeat","background-position":"center center","background-size":"auto","background-attachment":"scroll","background-type":"","background-media":"","overlay-type":"","overlay-color":"","overlay-opacity":"","overlay-gradient":""}},"ast-content-background-meta":{"desktop":{"background-color":"var(--ast-global-color-5)","background-image":"","background-repeat":"repeat","background-position":"center center","background-size":"auto","background-attachment":"scroll","background-type":"","background-media":"","overlay-type":"","overlay-color":"","overlay-opacity":"","overlay-gradient":""},"tablet":{"background-color":"var(--ast-global-color-5)","background-image":"","background-repeat":"repeat","background-position":"center center","background-size":"auto","background-attachment":"scroll","background-type":"","background-media":"","overlay-type":"","overlay-color":"","overlay-opacity":"","overlay-gradient":""},"mobile":{"background-color":"var(--ast-global-color-5)","background-image":"","background-repeat":"repeat","background-position":"center center","background-size":"auto","background-attachment":"scroll","background-type":"","background-media":"","overlay-type":"","overlay-color":"","overlay-opacity":"","overlay-gradient":""}},"footnotes":""},"class_list":["post-990","page","type-page","status-publish","hentry"],"uagb_featured_image_src":{"full":false,"thumbnail":false,"medium":false,"medium_large":false,"large":false,"1536x1536":false,"2048x2048":false},"uagb_author_info":{"display_name":"admin","author_link":"https:\/\/enbadesign.com\/author\/admin"},"uagb_comment_info":0,"uagb_excerpt":"Hakk\u0131m\u0131zda ENBA; metal kap\u0131 ve ah\u015fap kap\u0131da de\u011fi\u015fen \u00e7a\u011fda t\u00fcketici ihtiya\u00e7lar\u0131na hitap eden tasar\u0131mlar\u0131 ile kaliteli kap\u0131 sistemlerini hayata ge\u00e7irerek M\u00fc\u015fteri memnuniyetini ilk s\u0131raya yerle\u015ftirmektedir. \u00c7evreye ve do\u011faya sayg\u0131l\u0131 \u00fcretim bilincini \u00f6n planda tutarak gelecek ku\u015faklara daha temiz ve daha ya\u015fan\u0131labilir bir d\u00fcnya b\u0131rakmay\u0131 ama\u00e7 edinen \u00fcretim mant\u0131\u011f\u0131yla; kullanm\u0131\u015f oldu\u011fu ham maddelerde insana ve do\u011faya&hellip;","_links":{"self":[{"href":"https:\/\/enbadesign.com\/index.php?rest_route=\/wp\/v2\/pages\/990","targetHints":{"allow":["GET"]}}],"collection":[{"href":"https:\/\/enbadesign.com\/index.php?rest_route=\/wp\/v2\/pages"}],"about":[{"href":"https:\/\/enbadesign.com\/index.php?rest_route=\/wp\/v2\/types\/page"}],"author":[{"embeddable":true,"href":"https:\/\/enbadesign.com\/index.php?rest_route=\/wp\/v2\/users\/1"}],"replies":[{"embeddable":true,"href":"https:\/\/enbadesign.com\/index.php?rest_route=%2Fwp%2Fv2%2Fcomments&post=990"}],"version-history":[{"count":0,"href":"https:\/\/enbadesign.com\/index.php?rest_route=\/wp\/v2\/pages\/990\/revisions"}],"wp:attachment":[{"href":"https:\/\/enbadesign.com\/index.php?rest_route=%2Fwp%2Fv2%2Fmedia&parent=990"}],"curies":[{"name":"wp","href":"https:\/\/api.w.org\/{rel}","templated":true}]}}